{"id":94,"date":"2018-04-25T15:02:03","date_gmt":"2018-04-25T13:02:03","guid":{"rendered":"http:\/\/capvers.alsace\/?page_id=94"},"modified":"2021-07-27T16:42:38","modified_gmt":"2021-07-27T14:42:38","slug":"agriculture","status":"publish","type":"page","link":"https:\/\/capvers.alsace\/index.php\/agriculture\/","title":{"rendered":"Agriculture"},"content":{"rendered":"<h4>Nous effectuons tous travaux de mara\u00eechage, r\u00e9colte de fruits et l\u00e9gumes&#8230;<\/h4>\n<p>&nbsp;<\/p>\n<p>Pour tous renseignements compl\u00e9mentaires n&rsquo;h\u00e9sitez pas \u00e0 nous contacter par t\u00e9l\u00e9phone ou en remplissant le formulaire de contact en cliquant <a href=\"https:\/\/capvers.alsace\/index.php\/contact\/\">ici<\/a>.<\/p>\n\n\n\n","protected":false},"excerpt":{"rendered":"<p>Nous effectuons tous travaux de mara\u00eechage, r\u00e9colte de fruits et l\u00e9gumes&#8230; &nbsp; Pour tous renseignements compl\u00e9mentaires n&rsquo;h\u00e9sitez pas \u00e0 nous contacter par t\u00e9l\u00e9phone ou en remplissant le formulaire de contact en cliquant ici.<\/p>\n","protected":false},"author":1,"featured_media":0,"parent":0,"menu_order":0,"comment_status":"closed","ping_status":"closed","template":"","meta":[],"_links":{"self":[{"href":"https:\/\/capvers.alsace\/index.php\/wp-json\/wp\/v2\/pages\/94"}],"collection":[{"href":"https:\/\/capvers.alsace\/index.php\/wp-json\/wp\/v2\/pages"}],"about":[{"href":"https:\/\/capvers.alsace\/index.php\/wp-json\/wp\/v2\/types\/page"}],"author":[{"embeddable":true,"href":"https:\/\/capvers.alsace\/index.php\/wp-json\/wp\/v2\/users\/1"}],"replies":[{"embeddable":true,"href":"https:\/\/capvers.alsace\/index.php\/wp-json\/wp\/v2\/comments?post=94"}],"version-history":[{"count":5,"href":"https:\/\/capvers.alsace\/index.php\/wp-json\/wp\/v2\/pages\/94\/revisions"}],"predecessor-version":[{"id":851,"href":"https:\/\/capvers.alsace\/index.php\/wp-json\/wp\/v2\/pages\/94\/revisions\/851"}],"wp:attachment":[{"href":"https:\/\/capvers.alsace\/index.php\/wp-json\/wp\/v2\/media?parent=94"}],"curies":[{"name":"wp","href":"https:\/\/api.w.org\/{rel}","templated":true}]}}