{"id":90,"date":"2018-04-25T14:59:47","date_gmt":"2018-04-25T12:59:47","guid":{"rendered":"http:\/\/capvers.alsace\/?page_id=90"},"modified":"2019-01-31T13:50:49","modified_gmt":"2019-01-31T12:50:49","slug":"credit-impot-mdsap","status":"publish","type":"page","link":"https:\/\/capvers.alsace\/index.php\/espaces-verts-taille-tonte\/credit-impot-mdsap\/","title":{"rendered":"Cr\u00e9dit Imp\u00f4t &#8211; MDSAP"},"content":{"rendered":"<p style=\"text-align: center;\"><strong><span style=\"color: #33cccc;\">En travaillant avec notre Entreprise, vous pouvez b\u00e9n\u00e9ficier d&rsquo;un cr\u00e9dit d&rsquo;imp\u00f4ts<\/span><\/strong><\/p>\n<p style=\"text-align: center;\"><strong><span style=\"color: #33cccc;\">\u00e0 hauteur de 50 % des travaux r\u00e9gl\u00e9s<\/span><\/strong><\/p>\n<p>Le cr\u00e9dit d&rsquo;imp\u00f4t est g\u00e9n\u00e9ralis\u00e9 \u00e0 tous les m\u00e9nages incluant les inactifs, les retrait\u00e9s ainsi que les foyers non imposables, ce dispositif permet de r\u00e9duire de 50 % les frais engag\u00e9s dans le cadre de prestations de services \u00e0 la personne, dans la limite de plafonds suivants :<\/p>\n<ul>\n<li>12 000 \u20ac major\u00e9s de 1 500 \u20ac par membre du foyer \u00e2g\u00e9 de plus de 65 ans. Le plafond total ne peut pas d\u00e9passer 15 000 \u20ac.<\/li>\n<li>20 000 \u20ac si l&rsquo;un des membres du foyer est titulaire de la carte d&rsquo;invalidit\u00e9 ou per\u00e7oit une pension d&rsquo;invalidit\u00e9 de 3\u00e8me cat\u00e9gorie.<\/li>\n<\/ul>\n<p>Ce plafond est applicable pour toutes les activit\u00e9s de services \u00e0 la personne, sauf pour :<\/p>\n<ul>\n<li>Le petit jardinage \u00e0 domicile : plafond limit\u00e9 \u00e0 5 000 \u20ac<\/li>\n<li>L&rsquo;assistance informatique et internet : plafond limit\u00e9 \u00e0 \u00e0 3 000 \u20ac<\/li>\n<li>Le petit bricolage : plafond limit\u00e9 \u00e0 500 \u20ac (une intervention ne peut d\u00e9passer 2 heures)<\/li>\n<\/ul>\n<p>&nbsp;<\/p>\n<h4><span style=\"color: #33cccc;\">Ce qui est d\u00e9ductible des imp\u00f4ts :<\/span><\/h4>\n<p>Les petits travaux de jardinage figurent dans la liste des activit\u00e9s vis\u00e9es \u00e0 l&rsquo;article D. 7231-1 du Code du Travail. Ils sont d\u00e9finis par le Minist\u00e8re de l&rsquo;agriculture comme \u00ab\u00a0les travaux d&rsquo;entretien courant des jardins et potager de particuliers \u00e0 leur domicile\u00a0\u00bb. Ils comprennent :<\/p>\n<ul>\n<li>la tonte,<\/li>\n<li>le d\u00e9broussaillage,<\/li>\n<li>la taille d&rsquo;arbres et d&rsquo;arbustes hors \u00e9lagage, effectu\u00e9e \u00e0 partir du sol ou dans les conditions de l&rsquo;article R 4323-63 du code du travail,<\/li>\n<li>le ramassage des feuilles,<\/li>\n<li>le d\u00e9sherbage,<\/li>\n<li>le b\u00eachage, le binage, et le griffage,<\/li>\n<li>petit arrachage manuel et \u00e9vacuation des v\u00e9g\u00e9taux,<\/li>\n<li>l&rsquo;entretien des massifs et des balcons,<\/li>\n<li>la petite maintenance r\u00e9guli\u00e8re des all\u00e9es et des terrasses,<\/li>\n<li>la petite maintenance r\u00e9guli\u00e8re du mobilier de jardins et accessoires,<\/li>\n<li>le d\u00e9neigement,<\/li>\n<li>l&rsquo;arrosage manuel des v\u00e9g\u00e9taux (hors maintenance d&rsquo;arrosage, hors goutte \u00e0 goutte),<\/li>\n<li>la scarification,<\/li>\n<li>l&rsquo;application d&rsquo;engrais et\/ou d&rsquo;amendements (les produits doivent inclure la mention \u00ab\u00a0emploi autoris\u00e9 dans les jardins\u00a0\u00bb \u00eatre fournis par le client),<\/li>\n<li>le traitement chimique des gazons (les produits doivent inclure la mention \u00ab\u00a0emploi autoris\u00e9 dans les jardins\u00a0\u00bb fournis par le client),<\/li>\n<li>la taille des haies, des fruitiers, des rosiers et des plantes grimpantes dans le respect du d\u00e9cret du 1er septembre 2004 n\u00b02004-924 relatif \u00e0 l&rsquo;utilisation des \u00e9quipements de travail mis \u00e0 disposition pour des travaux temporaires en hauteur<\/li>\n<\/ul>\n<p>&nbsp;<\/p>\n<h4><span style=\"color: #33cccc;\">Ce qui n&rsquo;entre pas dans le cr\u00e9dit d&rsquo;imp\u00f4t :\u00a0<\/span><\/h4>\n<ul>\n<li>les actes commerciaux (vente de plantes, de graines ou de mat\u00e9riels),<\/li>\n<li>la conception et la r\u00e9alisation de parcs paysagers,<\/li>\n<li>les travaux de terrassement<\/li>\n<\/ul>\n<p>Vous pouvez retrouver plus de renseignements sur le site de la Maison Des Services \u00e0 la Personnes :\u00a0<a href=\"https:\/\/www.mdsap.fr\/jardinage\/\" target=\"_blank\" rel=\"noopener\">www.mdsap.fr\/jardinage\/<\/a><\/p>\n<p>&nbsp;<\/p>\n<h4><span style=\"color: #33cccc;\">Comment \u00e7a marche :<\/span><\/h4>\n<p>Vous recevrez directement \u00e0 votre domicile de la part de la MDSAP &#8211; Maison des Services A la Personne &#8211; une attestation avec le montant r\u00e9gl\u00e9 des travaux effectu\u00e9s. Le montant inscrit sur cette attestation est \u00e0 reporter sur votre avis d&rsquo;imposition.<\/p>\n<p>Par exemple : Vous effectuez des travaux en 2018, et vous avez r\u00e9gl\u00e9 la totalit\u00e9 de vos travaux la m\u00eame ann\u00e9e ; en 2019 vous recevrez votre attestation. Vos travaux ont \u00e9t\u00e9 effectu\u00e9s en 2018 mais pay\u00e9s en 2019, vous recevrez votre attestation en 2020. Votre attestation sera report\u00e9e d&rsquo;une ann\u00e9e.<\/p>\n","protected":false},"excerpt":{"rendered":"<p>En travaillant avec notre Entreprise, vous pouvez b\u00e9n\u00e9ficier d&rsquo;un cr\u00e9dit d&rsquo;imp\u00f4ts \u00e0 hauteur de 50 % des travaux r\u00e9gl\u00e9s Le cr\u00e9dit d&rsquo;imp\u00f4t est g\u00e9n\u00e9ralis\u00e9 \u00e0 tous les m\u00e9nages incluant les inactifs, les retrait\u00e9s ainsi que les foyers non imposables, ce dispositif permet de r\u00e9duire de 50 % les frais engag\u00e9s dans le cadre de prestations [&hellip;]<\/p>\n","protected":false},"author":1,"featured_media":0,"parent":88,"menu_order":0,"comment_status":"closed","ping_status":"closed","template":"","meta":[],"_links":{"self":[{"href":"https:\/\/capvers.alsace\/index.php\/wp-json\/wp\/v2\/pages\/90"}],"collection":[{"href":"https:\/\/capvers.alsace\/index.php\/wp-json\/wp\/v2\/pages"}],"about":[{"href":"https:\/\/capvers.alsace\/index.php\/wp-json\/wp\/v2\/types\/page"}],"author":[{"embeddable":true,"href":"https:\/\/capvers.alsace\/index.php\/wp-json\/wp\/v2\/users\/1"}],"replies":[{"embeddable":true,"href":"https:\/\/capvers.alsace\/index.php\/wp-json\/wp\/v2\/comments?post=90"}],"version-history":[{"count":17,"href":"https:\/\/capvers.alsace\/index.php\/wp-json\/wp\/v2\/pages\/90\/revisions"}],"predecessor-version":[{"id":344,"href":"https:\/\/capvers.alsace\/index.php\/wp-json\/wp\/v2\/pages\/90\/revisions\/344"}],"up":[{"embeddable":true,"href":"https:\/\/capvers.alsace\/index.php\/wp-json\/wp\/v2\/pages\/88"}],"wp:attachment":[{"href":"https:\/\/capvers.alsace\/index.php\/wp-json\/wp\/v2\/media?parent=90"}],"curies":[{"name":"wp","href":"https:\/\/api.w.org\/{rel}","templated":true}]}}