{"id":88,"date":"2018-04-25T14:59:02","date_gmt":"2018-04-25T12:59:02","guid":{"rendered":"http:\/\/capvers.alsace\/?page_id=88"},"modified":"2021-07-15T10:47:10","modified_gmt":"2021-07-15T08:47:10","slug":"espaces-verts-taille-tonte","status":"publish","type":"page","link":"https:\/\/capvers.alsace\/index.php\/espaces-verts-taille-tonte\/","title":{"rendered":"Espaces Verts"},"content":{"rendered":"<p style=\"text-align: center;\"><span style=\"color: #33cccc;\"><em>Depuis de nombreuses ann\u00e9es, particuliers, entreprises, services publics et collectivit\u00e9s nous font confiance dans l&rsquo;entretien de leurs espaces verts.<\/em><\/span><\/p>\n<p>L&rsquo;Association CAP VERS&#8230; met \u00e0 votre disposition une \u00e9quipe form\u00e9e afin de respecter au mieux vos exigences.<\/p>\n<h6><strong>Travaux que nous r\u00e9alisons en espaces verts :<\/strong><\/h6>\n<ul>\n<li>\n<h6>Tonte<\/h6>\n<\/li>\n<\/ul>\n<p style=\"padding-left: 60px;\">Le responsable d\u00e9terminera avec vous le nombre de passage \u00e0 effectuer sur l&rsquo;ann\u00e9e. Selon la m\u00e9t\u00e9o, des passages suppl\u00e9mentaires seront peut-\u00eatre n\u00e9cessaires. Nos \u00e9quipes resteront \u00e0 votre \u00e9coute.<\/p>\n<ul>\n<li>\n<h6>D\u00e9broussaillage,<\/h6>\n<\/li>\n<li>\n<h6>Tailles (arbres, arbustes, fruitiers&#8230;)<\/h6>\n<\/li>\n<\/ul>\n<p style=\"padding-left: 60px;\">La taille (d&rsquo;arbres, d&rsquo;arbustes, de haies, de fruitiers&#8230;) requiert une attention toute particuli\u00e8re. Toutes les tailles ne se font pas \u00e0 la m\u00eame saison. Lors de la r\u00e9alisation du devis, notre responsable espaces verts d\u00e9terminera avec vous les p\u00e9riodes de taille.<\/p>\n<p style=\"text-align: center;\"><strong><span style=\"color: #ff0000;\">ATTENTION : NOUS NE FAISONS PAS DE PRESTATION D&rsquo;ELAGAGE<\/span><\/strong><\/p>\n<ul>\n<li>\n<h6>D\u00e9sherbage,<\/h6>\n<\/li>\n<li>\n<h6>Entretien jardin,<\/h6>\n<\/li>\n<li>\n<h6>Ramassage des feuilles,<\/h6>\n<\/li>\n<li>\n<h6>Scarification : la scarification s&rsquo;effectue uniquement au printemps ou \u00e0 l&rsquo;automne<\/h6>\n<\/li>\n<\/ul>\n<p>Les devis gratuits propos\u00e9s, sont sous la forme d&rsquo;un contrat annuel : le responsable d\u00e9terminera avec vous vos besoins, les travaux \u00e0 r\u00e9aliser selon les saisons, le nombre de passage sur l&rsquo;ann\u00e9e pour la tonte de votre gazon ou la taille de vos haies.<\/p>\n<p>Nous vous garantissons un travail propre et de qualit\u00e9, avec des \u00e9quipements adapt\u00e9s \u00e0 chaque travaux.<\/p>\n\n<h4><\/h4>\n<h5><\/h5>\n<h5><span style=\"color: #33cccc;\"><em>Un mot sur le recyclage des d\u00e9chets verts&#8230;<\/em><\/span><\/h5>\n<p>Nous sommes soucieux du respect de l&rsquo;environnement. De ce fait, tous les d\u00e9chets verts que nous collectons, sont d\u00e9pos\u00e9s chez notre partenaire. Ainsi, vos d\u00e9chets sont valoris\u00e9s, recycl\u00e9s et transform\u00e9s en compost (pour en savoir plus : <a href=\"https:\/\/agrivalor.eu\/\" target=\"_blank\" rel=\"noopener\">www.agrivalor.eu<\/a>)<\/p>\n<p><em>CAP VERS&#8230; ayant le statut d&rsquo;Association, une cotisation <\/em><em>annuelle <\/em><em> de 15 \u20ac sera demand\u00e9e \u00e0 la signature du devis. Vous deviendrez ainsi un membre actif de l&rsquo;Association.&nbsp;Vous pourrez de ce fait participer \u00e0 l&rsquo;Assembl\u00e9e G\u00e9n\u00e9rale annuelle.<\/em><\/p>\n<hr>\n<p>\u2192 Si vous \u00eates <strong>un particulier<\/strong> et que vous fa\u00eetes appel \u00e0 notre entreprise, vous pouvez b\u00e9n\u00e9ficier d&rsquo;un cr\u00e9dit d&rsquo;imp\u00f4t. Pour en savoir plus, <a href=\"https:\/\/capvers.alsace\/index.php\/espaces-verts\/credit-impot-mdsap\/\">cliquez ici<\/a><\/p>\n<p>\u2192 En faisant appel \u00e0 notre Entreprise Adapt\u00e9e pour <strong>les entreprises de plus de 20 salari\u00e9s<\/strong>, vous pouvez \u00eatre, en partie, exon\u00e9r\u00e9 de l&rsquo;obligation d&#8217;emploi de travailleurs handicap\u00e9s ou du versement de la taxe AGEFIPH (loi du 10.07.89). Pour en savoir plus, <a href=\"https:\/\/capvers.alsace\/index.php\/espaces-verts\/agefiph\/\">cliquez ici<\/a><\/p>\n","protected":false},"excerpt":{"rendered":"<p>Depuis de nombreuses ann\u00e9es, particuliers, entreprises, services publics et collectivit\u00e9s nous font confiance dans l&rsquo;entretien de leurs espaces verts. L&rsquo;Association CAP VERS&#8230; met \u00e0 votre disposition une \u00e9quipe form\u00e9e afin de respecter au mieux vos exigences. Travaux que nous r\u00e9alisons en espaces verts : Tonte Le responsable d\u00e9terminera avec vous le nombre de passage \u00e0 [&hellip;]<\/p>\n","protected":false},"author":1,"featured_media":0,"parent":0,"menu_order":0,"comment_status":"closed","ping_status":"closed","template":"","meta":[],"_links":{"self":[{"href":"https:\/\/capvers.alsace\/index.php\/wp-json\/wp\/v2\/pages\/88"}],"collection":[{"href":"https:\/\/capvers.alsace\/index.php\/wp-json\/wp\/v2\/pages"}],"about":[{"href":"https:\/\/capvers.alsace\/index.php\/wp-json\/wp\/v2\/types\/page"}],"author":[{"embeddable":true,"href":"https:\/\/capvers.alsace\/index.php\/wp-json\/wp\/v2\/users\/1"}],"replies":[{"embeddable":true,"href":"https:\/\/capvers.alsace\/index.php\/wp-json\/wp\/v2\/comments?post=88"}],"version-history":[{"count":32,"href":"https:\/\/capvers.alsace\/index.php\/wp-json\/wp\/v2\/pages\/88\/revisions"}],"predecessor-version":[{"id":818,"href":"https:\/\/capvers.alsace\/index.php\/wp-json\/wp\/v2\/pages\/88\/revisions\/818"}],"wp:attachment":[{"href":"https:\/\/capvers.alsace\/index.php\/wp-json\/wp\/v2\/media?parent=88"}],"curies":[{"name":"wp","href":"https:\/\/api.w.org\/{rel}","templated":true}]}}