{"id":663,"date":"2021-06-23T13:08:14","date_gmt":"2021-06-23T11:08:14","guid":{"rendered":"https:\/\/capvers.alsace\/?page_id=663"},"modified":"2021-06-23T13:08:14","modified_gmt":"2021-06-23T11:08:14","slug":"viticulture-3","status":"publish","type":"page","link":"https:\/\/capvers.alsace\/index.php\/viticulture-3\/","title":{"rendered":"Viticulture"},"content":{"rendered":"\n<h5>Nous r\u00e9alisons tous vos travaux de vigne :<\/h5>\n\n\n\n<ul><li>TAILLE :<\/li><\/ul>\n\n\n\n<p>Technique qui sert \u00e0 limiter la croissance de la vigne pour r\u00e9gulariser la quantit\u00e9 des raisins. Elle s&rsquo;effectue g\u00e9n\u00e9ralement pendant le repos v\u00e9g\u00e9tatif<\/p>\n\n\n\n<ul><li>ARCURES :<\/li><\/ul>\n\n\n\n<p>R\u00e9alis\u00e9 d\u00e8s la mi-f\u00e9vrier apr\u00e8s la taille de la vigne, il reste 2 voire 1 baguette que l&rsquo;on va plier sur le 2\u00e8me fil de palissage. Ces travaux favorisent le d\u00e9veloppement des bourgeons situ\u00e9s \u00e0 la base des longs bois, ainsi qu&rsquo;une r\u00e9partition harmonieuse de la v\u00e9g\u00e9tation dans un plan vertical.<\/p>\n\n\n\n<ul><li>EPAMPRAGE, EBOURGEONNAGE, DEDOUBLAGE :<\/li><\/ul>\n\n\n\n<p>Op\u00e9ration consistant \u00e0&nbsp;d\u00e9barrasser le cep de vigne des rameaux (ou pampres, ou gourmands) afin de favoriser la maturation des branches porteuses de raisin. Cette op\u00e9ration s&rsquo;effectue au printemps.<\/p>\n\n\n\n<ul><li>PALISSSAGE :<\/li><\/ul>\n\n\n\n<p>Technique qui consiste \u00e0 conduire une plante sur une structure en y attachant ses tiges et ses branches \u00e0 l&rsquo;aide de liens (repositionner les rameaux vers le haut en les maintenant entre 2 paires de fils) Fait pour am\u00e9liorer la qualit\u00e9 et le rendement.<\/p>\n\n\n\n<ul><li>ROGNAGE :<\/li><\/ul>\n\n\n\n<p>Consiste \u00e0 couper l&rsquo;extr\u00e9mit\u00e9 des rameaux en croissance de fa\u00e7on \u00e0 former une haie bien r\u00e9guli\u00e8re.<\/p>\n\n\n\n<ul><li>EFFEUILLAGE :<\/li><\/ul>\n\n\n\n<p>Eliminer les feuilles \u00e0 proximit\u00e9 des grappes pour augmenter leur ensoleillement et leur a\u00e9ration pour une meilleure maturation des haies.<\/p>\n\n\n\n<ul><li>VENDANGES :<\/li><li>ENL\u00c8VEMENT DES FICELLES :<\/li><li>DESCENTE DE BOIS ET NETTOYAGE DES BAGUETTES :<\/li><li>TOUS TRAVAUX EN CAVE&#8230;<\/li><\/ul>\n\n\n\n\n\n\n<p>Pour tous renseignements, n&rsquo;h\u00e9sitez pas \u00e0 nous appeler ou \u00e0 remplir le formulaire de contact <a href=\"https:\/\/capvers.alsace\/index.php\/contact\/\">(en cliquant ici)<\/a><\/p>\n\n\n\n<p><em>CAP VERS&#8230; ayant le statut d&rsquo;Association, une cotisation <\/em><em>annuelle <\/em><em>de 15 \u20ac sera demand\u00e9e. Vous deviendrez ainsi un membre actif de l&rsquo;Association. Vous pourrez de ce fait participer \u00e0 l&rsquo;Assembl\u00e9e G\u00e9n\u00e9rale annuelle.<\/em><\/p>\n","protected":false},"excerpt":{"rendered":"<p>Nous r\u00e9alisons tous vos travaux de vigne : TAILLE : Technique qui sert \u00e0 limiter la croissance de la vigne pour r\u00e9gulariser la quantit\u00e9 des raisins. Elle s&rsquo;effectue g\u00e9n\u00e9ralement pendant le repos v\u00e9g\u00e9tatif ARCURES : R\u00e9alis\u00e9 d\u00e8s la mi-f\u00e9vrier apr\u00e8s la taille de la vigne, il reste 2 voire 1 baguette que l&rsquo;on va plier [&hellip;]<\/p>\n","protected":false},"author":1,"featured_media":0,"parent":0,"menu_order":0,"comment_status":"closed","ping_status":"closed","template":"","meta":[],"_links":{"self":[{"href":"https:\/\/capvers.alsace\/index.php\/wp-json\/wp\/v2\/pages\/663"}],"collection":[{"href":"https:\/\/capvers.alsace\/index.php\/wp-json\/wp\/v2\/pages"}],"about":[{"href":"https:\/\/capvers.alsace\/index.php\/wp-json\/wp\/v2\/types\/page"}],"author":[{"embeddable":true,"href":"https:\/\/capvers.alsace\/index.php\/wp-json\/wp\/v2\/users\/1"}],"replies":[{"embeddable":true,"href":"https:\/\/capvers.alsace\/index.php\/wp-json\/wp\/v2\/comments?post=663"}],"version-history":[{"count":1,"href":"https:\/\/capvers.alsace\/index.php\/wp-json\/wp\/v2\/pages\/663\/revisions"}],"predecessor-version":[{"id":664,"href":"https:\/\/capvers.alsace\/index.php\/wp-json\/wp\/v2\/pages\/663\/revisions\/664"}],"wp:attachment":[{"href":"https:\/\/capvers.alsace\/index.php\/wp-json\/wp\/v2\/media?parent=663"}],"curies":[{"name":"wp","href":"https:\/\/api.w.org\/{rel}","templated":true}]}}