{"id":489,"date":"2021-03-16T13:56:40","date_gmt":"2021-03-16T12:56:40","guid":{"rendered":"https:\/\/capvers.alsace\/?page_id=489"},"modified":"2023-05-04T15:15:32","modified_gmt":"2023-05-04T13:15:32","slug":"nos-partenaires","status":"publish","type":"page","link":"https:\/\/capvers.alsace\/index.php\/nos-partenaires\/","title":{"rendered":"Ils nous font confiance"},"content":{"rendered":"<h4><span style=\"color: #ff00ff;\">Depuis plusieurs ann\u00e9es, nos clients nous font confiance et nous les remercions pour leur fid\u00e9lit\u00e9<\/span><\/h4>\n<p>Que se soit pour la viticulture ou les l&rsquo;entretien des espaces verts, de nombreux domaines et entreprises font appel \u00e0 nos services<\/p>\n<p style=\"text-align: center;\"><a href=\"http:\/\/www.vins-simonis.fr\" target=\"_blank\" rel=\"noopener\"><img loading=\"lazy\" class=\"alignleft wp-image-494 size-medium\" src=\"https:\/\/capvers.alsace\/wp-content\/uploads\/2021\/03\/logobiodynamie-simonis-300x175.jpg\" alt=\"simonis\" width=\"300\" height=\"175\" srcset=\"https:\/\/capvers.alsace\/wp-content\/uploads\/2021\/03\/logobiodynamie-simonis-300x175.jpg 300w, https:\/\/capvers.alsace\/wp-content\/uploads\/2021\/03\/logobiodynamie-simonis-768x448.jpg 768w, https:\/\/capvers.alsace\/wp-content\/uploads\/2021\/03\/logobiodynamie-simonis.jpg 933w\" sizes=\"(max-width: 300px) 100vw, 300px\" \/><\/a> \u00a0<a href=\"http:\/\/www.wolfberger.com\" target=\"_blank\" rel=\"noopener\"><img loading=\"lazy\" class=\"wp-image-539 size-medium alignleft\" src=\"https:\/\/capvers.alsace\/wp-content\/uploads\/2021\/03\/Wolfberger_blocmarque_Q-300x104.jpg\" alt=\"\" width=\"300\" height=\"104\" srcset=\"https:\/\/capvers.alsace\/wp-content\/uploads\/2021\/03\/Wolfberger_blocmarque_Q-300x104.jpg 300w, https:\/\/capvers.alsace\/wp-content\/uploads\/2021\/03\/Wolfberger_blocmarque_Q-1024x356.jpg 1024w, https:\/\/capvers.alsace\/wp-content\/uploads\/2021\/03\/Wolfberger_blocmarque_Q-768x267.jpg 768w, https:\/\/capvers.alsace\/wp-content\/uploads\/2021\/03\/Wolfberger_blocmarque_Q-1536x533.jpg 1536w, https:\/\/capvers.alsace\/wp-content\/uploads\/2021\/03\/Wolfberger_blocmarque_Q-2048x711.jpg 2048w, https:\/\/capvers.alsace\/wp-content\/uploads\/2021\/03\/Wolfberger_blocmarque_Q-1320x458.jpg 1320w\" sizes=\"(max-width: 300px) 100vw, 300px\" \/><\/a>\u00a0 <a href=\"https:\/\/www.intermarche.com\/?utm_source=gmb\" target=\"_blank\" rel=\"noopener\"><img loading=\"lazy\" class=\"wp-image-591 size-medium alignleft\" src=\"https:\/\/capvers.alsace\/wp-content\/uploads\/2021\/03\/inter-300x79.jpg\" alt=\"\" width=\"300\" height=\"79\" srcset=\"https:\/\/capvers.alsace\/wp-content\/uploads\/2021\/03\/inter-300x79.jpg 300w, https:\/\/capvers.alsace\/wp-content\/uploads\/2021\/03\/inter-1024x269.jpg 1024w, https:\/\/capvers.alsace\/wp-content\/uploads\/2021\/03\/inter-768x202.jpg 768w, https:\/\/capvers.alsace\/wp-content\/uploads\/2021\/03\/inter-1320x347.jpg 1320w, https:\/\/capvers.alsace\/wp-content\/uploads\/2021\/03\/inter.jpg 1478w\" sizes=\"(max-width: 300px) 100vw, 300px\" \/><\/a><a href=\"http:\/\/www.vinsalsaceschille.fr\" target=\"_blank\" rel=\"noopener\"><img loading=\"lazy\" class=\"alignleft wp-image-562 size-medium\" src=\"https:\/\/capvers.alsace\/wp-content\/uploads\/2021\/03\/LOGO-maisoncoordonnees-300x128.jpg\" alt=\"\" width=\"300\" height=\"128\" srcset=\"https:\/\/capvers.alsace\/wp-content\/uploads\/2021\/03\/LOGO-maisoncoordonnees-300x128.jpg 300w, https:\/\/capvers.alsace\/wp-content\/uploads\/2021\/03\/LOGO-maisoncoordonnees.jpg 463w\" sizes=\"(max-width: 300px) 100vw, 300px\" \/><\/a> \u00a0<a href=\"http:\/\/www.zindhumbrecht.fr\/\" target=\"_blank\" rel=\"noopener\"><img loading=\"lazy\" class=\"wp-image-505 size-medium alignleft\" src=\"https:\/\/capvers.alsace\/wp-content\/uploads\/2021\/03\/LOGO-DU-DOMAINE-300x195.jpg\" alt=\"\" width=\"300\" height=\"195\" srcset=\"https:\/\/capvers.alsace\/wp-content\/uploads\/2021\/03\/LOGO-DU-DOMAINE-300x195.jpg 300w, https:\/\/capvers.alsace\/wp-content\/uploads\/2021\/03\/LOGO-DU-DOMAINE-768x498.jpg 768w, https:\/\/capvers.alsace\/wp-content\/uploads\/2021\/03\/LOGO-DU-DOMAINE.jpg 923w\" sizes=\"(max-width: 300px) 100vw, 300px\" \/><\/a> \u00a0\u00a0\u00a0<a href=\"https:\/\/www.cave-turckheim.com\/fr\/\" target=\"_blank\" rel=\"noopener\"><img loading=\"lazy\" class=\"alignleft wp-image-520 size-medium\" src=\"https:\/\/capvers.alsace\/wp-content\/uploads\/2021\/03\/Evolution-Logo-de\u0301f-300x114.png\" alt=\"\" width=\"300\" height=\"114\" srcset=\"https:\/\/capvers.alsace\/wp-content\/uploads\/2021\/03\/Evolution-Logo-de\u0301f-300x114.png 300w, https:\/\/capvers.alsace\/wp-content\/uploads\/2021\/03\/Evolution-Logo-de\u0301f-768x292.png 768w, https:\/\/capvers.alsace\/wp-content\/uploads\/2021\/03\/Evolution-Logo-de\u0301f-1024x390.png 1024w, https:\/\/capvers.alsace\/wp-content\/uploads\/2021\/03\/Evolution-Logo-de\u0301f-1320x503.png 1320w, https:\/\/capvers.alsace\/wp-content\/uploads\/2021\/03\/Evolution-Logo-de\u0301f.png 1720w\" sizes=\"(max-width: 300px) 100vw, 300px\" \/><\/a>\u00a0 \u00a0<\/p>\n\n\n<p><\/p>\n","protected":false},"excerpt":{"rendered":"<p>Depuis plusieurs ann\u00e9es, nos clients nous font confiance et nous les remercions pour leur fid\u00e9lit\u00e9 Que se soit pour la viticulture ou les l&rsquo;entretien des espaces verts, de nombreux domaines et entreprises font appel \u00e0 nos services \u00a0\u00a0 \u00a0 \u00a0\u00a0\u00a0\u00a0 \u00a0<\/p>\n","protected":false},"author":1,"featured_media":0,"parent":0,"menu_order":0,"comment_status":"closed","ping_status":"closed","template":"","meta":[],"_links":{"self":[{"href":"https:\/\/capvers.alsace\/index.php\/wp-json\/wp\/v2\/pages\/489"}],"collection":[{"href":"https:\/\/capvers.alsace\/index.php\/wp-json\/wp\/v2\/pages"}],"about":[{"href":"https:\/\/capvers.alsace\/index.php\/wp-json\/wp\/v2\/types\/page"}],"author":[{"embeddable":true,"href":"https:\/\/capvers.alsace\/index.php\/wp-json\/wp\/v2\/users\/1"}],"replies":[{"embeddable":true,"href":"https:\/\/capvers.alsace\/index.php\/wp-json\/wp\/v2\/comments?post=489"}],"version-history":[{"count":76,"href":"https:\/\/capvers.alsace\/index.php\/wp-json\/wp\/v2\/pages\/489\/revisions"}],"predecessor-version":[{"id":886,"href":"https:\/\/capvers.alsace\/index.php\/wp-json\/wp\/v2\/pages\/489\/revisions\/886"}],"wp:attachment":[{"href":"https:\/\/capvers.alsace\/index.php\/wp-json\/wp\/v2\/media?parent=489"}],"curies":[{"name":"wp","href":"https:\/\/api.w.org\/{rel}","templated":true}]}}