{"id":110,"date":"2018-04-25T15:09:35","date_gmt":"2018-04-25T13:09:35","guid":{"rendered":"http:\/\/capvers.alsace\/?page_id=110"},"modified":"2021-06-23T15:42:52","modified_gmt":"2021-06-23T13:42:52","slug":"le-personnel-administratif","status":"publish","type":"page","link":"https:\/\/capvers.alsace\/index.php\/les-equipes\/le-personnel-administratif\/","title":{"rendered":"Le Personnel Administratif"},"content":{"rendered":"<p><span style=\"color: #ff00ff;\">Mme PESEUX Aude<\/span><\/p>\n<p><span style=\"color: #000000;\"><em>Assistante de Direction<\/em><\/span><\/p>\n<p><span style=\"color: #ff00ff;\">Mme DETRUISEUX Ga\u00eblle<\/span><\/p>\n<p><span style=\"color: #000000;\"><em>Secr\u00e9taire comptable<\/em><\/span><\/p>\n<p><span style=\"color: #333399;\">M. GAUTIER Damien<\/span><\/p>\n<p><span style=\"color: #000000;\"><em>Secr\u00e9taire comptable<\/em><\/span><\/p>\n<p>Nous vous pr\u00e9parons de belles photos pour tr\u00e8s bient\u00f4t<\/p>\n","protected":false},"excerpt":{"rendered":"<p>Mme PESEUX Aude Assistante de Direction Mme DETRUISEUX Ga\u00eblle Secr\u00e9taire comptable M. GAUTIER Damien Secr\u00e9taire comptable Nous vous pr\u00e9parons de belles photos pour tr\u00e8s bient\u00f4t<\/p>\n","protected":false},"author":1,"featured_media":0,"parent":106,"menu_order":0,"comment_status":"closed","ping_status":"closed","template":"","meta":[],"_links":{"self":[{"href":"https:\/\/capvers.alsace\/index.php\/wp-json\/wp\/v2\/pages\/110"}],"collection":[{"href":"https:\/\/capvers.alsace\/index.php\/wp-json\/wp\/v2\/pages"}],"about":[{"href":"https:\/\/capvers.alsace\/index.php\/wp-json\/wp\/v2\/types\/page"}],"author":[{"embeddable":true,"href":"https:\/\/capvers.alsace\/index.php\/wp-json\/wp\/v2\/users\/1"}],"replies":[{"embeddable":true,"href":"https:\/\/capvers.alsace\/index.php\/wp-json\/wp\/v2\/comments?post=110"}],"version-history":[{"count":9,"href":"https:\/\/capvers.alsace\/index.php\/wp-json\/wp\/v2\/pages\/110\/revisions"}],"predecessor-version":[{"id":694,"href":"https:\/\/capvers.alsace\/index.php\/wp-json\/wp\/v2\/pages\/110\/revisions\/694"}],"up":[{"embeddable":true,"href":"https:\/\/capvers.alsace\/index.php\/wp-json\/wp\/v2\/pages\/106"}],"wp:attachment":[{"href":"https:\/\/capvers.alsace\/index.php\/wp-json\/wp\/v2\/media?parent=110"}],"curies":[{"name":"wp","href":"https:\/\/api.w.org\/{rel}","templated":true}]}}